{"id":12,"date":"2025-05-09T11:25:40","date_gmt":"2025-05-09T09:25:40","guid":{"rendered":"https:\/\/www.mediation44.fr\/?page_id=12"},"modified":"2025-05-09T11:47:55","modified_gmt":"2025-05-09T09:47:55","slug":"mediation-judiciaire-ou-conventionnelle","status":"publish","type":"page","link":"https:\/\/www.mediation44.fr\/?page_id=12","title":{"rendered":"M\u00e9diation judiciaire ou m\u00e9diation conventionnelle"},"content":{"rendered":"\n<h1 class=\"wp-block-heading has-text-align-center has-text-color has-link-color wp-elements-d0d0497dd1527836b5c1570c3d73c594\" style=\"color:#14594e\">M\u00e9diation judiciaire<br>ou<br>m\u00e9diation conventionnelle ?<\/h1>\n\n\n\n<h4 class=\"wp-block-heading justify-text has-text-color has-link-color wp-elements-cbc4b314df755688a79d24473eefd58f\" style=\"color:#14594e\">Qu\u2019elle soit judiciaire ou conventionnelle, la m\u00e9diation suit un processus structur\u00e9 identique orchestr\u00e9 par le(s) m\u00e9diateur(s) de M\u00e9diation 44 et s\u2019inscrit, toujours, dans une logique amiable gagnant\/gagnant.<\/h4>\n\n\n\n<p class=\"has-text-color has-link-color wp-elements-e16b8109a7ece8ac20c254aa900000c3\" style=\"color:#14594e\"><\/p>\n\n\n\n<h4 class=\"wp-block-heading has-text-color has-link-color wp-elements-3f8579b3f0ee9dcca52ddaced058ee97\" style=\"color:#14594e\">La m\u00e9diation judiciaire<\/h4>\n\n\n\n<div class=\"wp-block-group is-nowrap is-layout-flex wp-container-core-group-is-layout-6c531013 wp-block-group-is-layout-flex\">\n<div class=\"wp-block-columns is-layout-flex wp-container-core-columns-is-layout-28f84493 wp-block-columns-is-layout-flex\">\n<div class=\"wp-block-column is-vertically-aligned-stretch is-content-justification-left is-layout-constrained wp-container-core-column-is-layout-12dd3699 wp-block-column-is-layout-constrained\">\n<figure class=\"wp-block-image alignleft size-full\"><img loading=\"lazy\" decoding=\"async\" width=\"298\" height=\"160\" src=\"https:\/\/www.mediation44.fr\/wp-content\/uploads\/2025\/05\/Tribunal-de-la-famille-une-etape-franchie.avif\" alt=\"\" class=\"wp-image-80\"\/><\/figure>\n\n\n\n<p class=\"justify-text has-medium-font-size\">La d\u00e9marche amiable est ordonn\u00e9e par le juge et mise en \u0153uvre avec l&rsquo;accord des parties. La proc\u00e9dure judiciaire en cours est alors suspendue le temps que la m\u00e9diation se d\u00e9roule (trois mois renouvelable une fois). Si aucun accord amiable n\u2019est trouv\u00e9, la proc\u00e9dure judiciaire reprend son cours. Chaque m\u00e9di\u00e9 s\u2019engage librement dans la m\u00e9diation et peut l\u2019interrompre \u00e0 tout moment tout aussi librement.<\/p>\n<\/div>\n<\/div>\n<\/div>\n\n\n\n<h4 class=\"wp-block-heading has-text-color has-link-color wp-elements-971ba5cf88aee45a70ef3e72fe0b3371\" style=\"color:#14594e\">La m\u00e9diation conventionnelle<\/h4>\n\n\n\n<div class=\"wp-block-columns is-layout-flex wp-container-core-columns-is-layout-28f84493 wp-block-columns-is-layout-flex\">\n<div class=\"wp-block-column is-layout-constrained wp-block-column-is-layout-constrained\">\n<figure class=\"wp-block-image alignright size-full\"><img loading=\"lazy\" decoding=\"async\" width=\"264\" height=\"216\" src=\"https:\/\/www.mediation44.fr\/wp-content\/uploads\/2025\/05\/mediation.avif\" alt=\"\" class=\"wp-image-92\"\/><\/figure>\n\n\n\n<p class=\"justify-text has-medium-font-size\">Le m\u00e9diateur est sollicit\u00e9 en direct par les parties elles-m\u00eames pour les aider \u00e0 renouer un dialogue difficile ou rompu et parvenir ensemble \u00e0 un accord.\u200b Le plus souvent, l\u2019une des parties prend contact avec M\u00e9diation 44, qui se charge de relayer sa proposition de m\u00e9diation \u00e0 l\u2019autre partie et de recueillir son accord \u2013 ou son refus. Comme dans le cadre judiciaire, chaque m\u00e9di\u00e9 s\u2019engage librement dans une m\u00e9diation conventionnelle et peut l\u2019interrompre \u00e0 tout moment tout aussi librement.<\/p>\n<\/div>\n<\/div>\n\n\n\n<p><\/p>\n","protected":false},"excerpt":{"rendered":"<p>M\u00e9diation judiciaireoum\u00e9diation conventionnelle ? Qu\u2019elle soit judiciaire ou conventionnelle, la m\u00e9diation suit un processus structur\u00e9 identique orchestr\u00e9 par le(s) m\u00e9diateur(s) de M\u00e9diation 44 et s\u2019inscrit, toujours, dans une logique amiable gagnant\/gagnant. La m\u00e9diation judiciaire La d\u00e9marche amiable est ordonn\u00e9e par le juge et mise en \u0153uvre avec l&rsquo;accord des parties. La proc\u00e9dure judiciaire en cours [&hellip;]<\/p>\n","protected":false},"author":1,"featured_media":0,"parent":0,"menu_order":0,"comment_status":"closed","ping_status":"closed","template":"","meta":{"footnotes":""},"class_list":["post-12","page","type-page","status-publish","hentry"],"blocksy_meta":[],"_links":{"self":[{"href":"https:\/\/www.mediation44.fr\/index.php?rest_route=\/wp\/v2\/pages\/12","targetHints":{"allow":["GET"]}}],"collection":[{"href":"https:\/\/www.mediation44.fr\/index.php?rest_route=\/wp\/v2\/pages"}],"about":[{"href":"https:\/\/www.mediation44.fr\/index.php?rest_route=\/wp\/v2\/types\/page"}],"author":[{"embeddable":true,"href":"https:\/\/www.mediation44.fr\/index.php?rest_route=\/wp\/v2\/users\/1"}],"replies":[{"embeddable":true,"href":"https:\/\/www.mediation44.fr\/index.php?rest_route=%2Fwp%2Fv2%2Fcomments&post=12"}],"version-history":[{"count":20,"href":"https:\/\/www.mediation44.fr\/index.php?rest_route=\/wp\/v2\/pages\/12\/revisions"}],"predecessor-version":[{"id":97,"href":"https:\/\/www.mediation44.fr\/index.php?rest_route=\/wp\/v2\/pages\/12\/revisions\/97"}],"wp:attachment":[{"href":"https:\/\/www.mediation44.fr\/index.php?rest_route=%2Fwp%2Fv2%2Fmedia&parent=12"}],"curies":[{"name":"wp","href":"https:\/\/api.w.org\/{rel}","templated":true}]}}