{"id":131,"date":"2025-05-09T13:13:43","date_gmt":"2025-05-09T11:13:43","guid":{"rendered":"https:\/\/www.mediation44.fr\/?page_id=131"},"modified":"2025-05-09T13:20:40","modified_gmt":"2025-05-09T11:20:40","slug":"le-cout-dune-mediation","status":"publish","type":"page","link":"https:\/\/www.mediation44.fr\/?page_id=131","title":{"rendered":"Le co\u00fbt d&rsquo;une m\u00e9diation"},"content":{"rendered":"\n<h2 class=\"wp-block-heading has-text-align-center has-text-color has-link-color wp-elements-e7966cbca5e646ec7cfa34c93dee1a61\" style=\"color:#14594e\">Combien co\u00fbte une m\u00e9diation ?<\/h2>\n\n\n\n<p class=\"justify-text has-medium-font-size\">Si avoir recours aux services d&rsquo;un m\u00e9diateur est payant, une m\u00e9diation reste bien moins co\u00fbteuse et plus rapide qu&rsquo;un proc\u00e8s, dont l&rsquo;issue est entre les mains du juge et non des parties.<\/p>\n\n\n\n<h4 class=\"wp-block-heading\">Des frais de m\u00e9diation r\u00e9partis \u00e0 parts \u00e9gales<\/h4>\n\n\n\n<p class=\"justify-text has-medium-font-size\">La prise d\u2019information et les \u00e9changes pr\u00e9alables \u00e0 la mise en place d\u2019une m\u00e9diation sont gratuits.<br>Les s\u00e9ances de m\u00e9diation sont payantes et les frais r\u00e9partis \u00e0 parts \u00e9gales (sauf accord contraire) entre les participants.<\/p>\n\n\n\n<p class=\"justify-text has-medium-font-size\">Chaque m\u00e9diation fait au pr\u00e9alable l\u2019objet de la signature d\u2019une convention stipulant le co\u00fbt de la m\u00e9diation, qui comprend : un entretien individuel avec le\u00b7s m\u00e9diateur\u00b7s, permettant \u00e0 chaque m\u00e9di\u00e9 d\u2019exposer sa situation, a minima une s\u00e9ance pl\u00e9ni\u00e8re de m\u00e9diation r\u00e9unissant les m\u00e9di\u00e9s, en pr\u00e9sence ou non de leurs avocats respectifs.<\/p>\n\n\n\n<h4 class=\"wp-block-heading\">Bon \u00e0 savoir<\/h4>\n\n\n\n<p class=\"justify-text has-medium-font-size\">L\u2019aide juridictionnelle et certaines protections juridiques peuvent prendre en charge tout ou partie des frais engag\u00e9s dans le cadre d\u2019une d\u00e9marche amiable.<\/p>\n\n\n\n<p><\/p>\n","protected":false},"excerpt":{"rendered":"<p>Combien co\u00fbte une m\u00e9diation ? Si avoir recours aux services d&rsquo;un m\u00e9diateur est payant, une m\u00e9diation reste bien moins co\u00fbteuse et plus rapide qu&rsquo;un proc\u00e8s, dont l&rsquo;issue est entre les mains du juge et non des parties. Des frais de m\u00e9diation r\u00e9partis \u00e0 parts \u00e9gales La prise d\u2019information et les \u00e9changes pr\u00e9alables \u00e0 la mise [&hellip;]<\/p>\n","protected":false},"author":1,"featured_media":0,"parent":0,"menu_order":0,"comment_status":"closed","ping_status":"closed","template":"","meta":{"footnotes":""},"class_list":["post-131","page","type-page","status-publish","hentry"],"blocksy_meta":[],"_links":{"self":[{"href":"https:\/\/www.mediation44.fr\/index.php?rest_route=\/wp\/v2\/pages\/131","targetHints":{"allow":["GET"]}}],"collection":[{"href":"https:\/\/www.mediation44.fr\/index.php?rest_route=\/wp\/v2\/pages"}],"about":[{"href":"https:\/\/www.mediation44.fr\/index.php?rest_route=\/wp\/v2\/types\/page"}],"author":[{"embeddable":true,"href":"https:\/\/www.mediation44.fr\/index.php?rest_route=\/wp\/v2\/users\/1"}],"replies":[{"embeddable":true,"href":"https:\/\/www.mediation44.fr\/index.php?rest_route=%2Fwp%2Fv2%2Fcomments&post=131"}],"version-history":[{"count":6,"href":"https:\/\/www.mediation44.fr\/index.php?rest_route=\/wp\/v2\/pages\/131\/revisions"}],"predecessor-version":[{"id":150,"href":"https:\/\/www.mediation44.fr\/index.php?rest_route=\/wp\/v2\/pages\/131\/revisions\/150"}],"wp:attachment":[{"href":"https:\/\/www.mediation44.fr\/index.php?rest_route=%2Fwp%2Fv2%2Fmedia&parent=131"}],"curies":[{"name":"wp","href":"https:\/\/api.w.org\/{rel}","templated":true}]}}