{"id":134,"date":"2025-05-09T13:14:31","date_gmt":"2025-05-09T11:14:31","guid":{"rendered":"https:\/\/www.mediation44.fr\/?page_id=134"},"modified":"2025-05-09T13:38:55","modified_gmt":"2025-05-09T11:38:55","slug":"faq","status":"publish","type":"page","link":"https:\/\/www.mediation44.fr\/?page_id=134","title":{"rendered":"FAQ"},"content":{"rendered":"\n<h2 class=\"wp-block-heading has-text-align-center has-text-color has-link-color wp-elements-4bd43ebe191b1224cce5abc4c008a844\" style=\"color:#14594e\">FOIRE AUX QUESTIONS<\/h2>\n\n\n\n<p class=\"has-text-align-center has-medium-font-size\">Toutes les r\u00e9ponses aux questions que vous vous posez sur la m\u00e9diation<\/p>\n\n\n\n<div class=\"wp-block-columns is-layout-flex wp-container-core-columns-is-layout-28f84493 wp-block-columns-is-layout-flex\">\n<div class=\"wp-block-column is-layout-flow wp-block-column-is-layout-flow\">\n<h4 class=\"wp-block-heading\">Quand faire appel \u00e0 un m\u00e9diateur ?<\/h4>\n\n\n\n<p class=\"justify-text has-medium-font-size\">Une m\u00e9diation peut intervenir \u00e0 n&rsquo;importe quel moment du litige. Le mieux est d&rsquo;agir avant qu&rsquo;une simple divergence de points de vue ne d\u00e9g\u00e9n\u00e8re en conflit ouvert qui pourrait vous mener devant les tribunaux. Si le conflit est d\u00e9j\u00e0 bien avanc\u00e9, <strong>recourir \u00e0 une m\u00e9diation<\/strong> reste une d\u00e9marche efficace et sans risque. Et si une action en justice est d\u00e9j\u00e0 en cours, vous pouvez demander une m\u00e9diation ou le juge peut vous la proposer. Ce qu&rsquo;il faut retenir : <strong>une m\u00e9diation est sans risque<\/strong> et a 8 chances sur 10 d&rsquo;aboutir \u00e0 un <strong>accord gagnant-gagnant.<\/strong><\/p>\n\n\n\n<h4 class=\"wp-block-heading\">Que se passe-t-il si on n&rsquo;arrive pas \u00e0 trouver un accord ?<\/h4>\n\n\n\n<p class=\"justify-text has-medium-font-size\">Dans le cadre d&rsquo;une <strong>m\u00e9diation judiciaire<\/strong> (c&rsquo;est-\u00e0-dire intervenant au cours d&rsquo;une proc\u00e9dure judiciaire), le proc\u00e8s qui avait \u00e9t\u00e9 suspendu le temps de la tentative de m\u00e9diation reprend son cours.<br>Dans le cadre d&rsquo;une <strong>m\u00e9diation conventionnelle<\/strong>, si la m\u00e9diation ne parvient pas \u00e0 vous mettre d&rsquo;accord, libre \u00e0 vous de prendre conseil aupr\u00e8s d&rsquo;un avocat pour entreprendre une action en justice.<\/p>\n\n\n\n<h4 class=\"wp-block-heading\">Et si je ne suis pas d&rsquo;accord avec la solution propos\u00e9e ?<\/h4>\n\n\n\n<p class=\"justify-text has-medium-font-size\">Soyons tr\u00e8s clairs : en m\u00e9diation, ce sont les m\u00e9di\u00e9s qui construisent eux-m\u00eames, ensemble, leur solution. Il s&rsquo;agit d&rsquo;une <strong>d\u00e9marche amiable<\/strong>, dans un esprit gagnant-gagnant. Donc, par d\u00e9finition, si vous n&rsquo;\u00eates pas d&rsquo;accord, il n&rsquo;y a pas d&rsquo;accord ! Toute personne est libre de dire non et de quitter la m\u00e9diation si l&rsquo;\u00e9change ne lui convient pas.<\/p>\n<\/div>\n\n\n\n<div class=\"wp-block-column is-layout-flow wp-block-column-is-layout-flow\">\n<h4 class=\"wp-block-heading\">Combien de temps dure une m\u00e9diation ?<\/h4>\n\n\n\n<p class=\"justify-text has-medium-font-size\">Toute m\u00e9diation d\u00e9bute par un entretien individuel d&rsquo;une heure environ. Ensuite, il suffit g\u00e9n\u00e9ralement de deux \u00e0 trois r\u00e9unions collectives d&rsquo;environ deux heures chacune pour aboutir \u00e0 un accord. Parfois, une seule r\u00e9union suffit : chaque m\u00e9diation est unique !<br>Dans le cadre d&rsquo;une <strong>m\u00e9diation judiciaire<\/strong>, le juge accorde aux parties un d\u00e9lai de trois mois renouvelable une fois pour mener une m\u00e9diation. Si celle-ci aboutit \u00e0 un accord, le proc\u00e8s est annul\u00e9. Sinon, le proc\u00e8s reprend.<\/p>\n\n\n\n<h4 class=\"wp-block-heading\">Puis-je \u00eatre accompagn\u00e9 par<br>mon avocat durant la m\u00e9diation ?<\/h4>\n\n\n\n<p class=\"justify-text has-medium-font-size\">En m\u00e9diation, vous \u00eates libre de venir accompagn\u00e9.e de votre avocat ou de toute personne dont la pr\u00e9sence vous semblerait pouvoir \u00eatre utile au dialogue.<\/p>\n\n\n\n<h4 class=\"wp-block-heading\">Combien co\u00fbte une m\u00e9diation ?<\/h4>\n\n\n\n<p class=\"justify-text has-medium-font-size\">Un devis est pr\u00e9alablement \u00e9tabli selon le type de m\u00e9diation concern\u00e9. Votre situation financi\u00e8re ne doit pas \u00eatre un frein \u00e0 votre d\u00e9marche. L<strong>&lsquo;aide juridictionnelle<\/strong> et certaines protections juridiques peuvent prendre en charge tout ou partie des frais de m\u00e9diation. Sauf accord contraire entre les deux parties, le co\u00fbt de la m\u00e9diation est r\u00e9parti \u00e0 50\/50. .<\/p>\n<\/div>\n<\/div>\n","protected":false},"excerpt":{"rendered":"<p>FOIRE AUX QUESTIONS Toutes les r\u00e9ponses aux questions que vous vous posez sur la m\u00e9diation Quand faire appel \u00e0 un m\u00e9diateur ? Une m\u00e9diation peut intervenir \u00e0 n&rsquo;importe quel moment du litige. Le mieux est d&rsquo;agir avant qu&rsquo;une simple divergence de points de vue ne d\u00e9g\u00e9n\u00e8re en conflit ouvert qui pourrait vous mener devant les [&hellip;]<\/p>\n","protected":false},"author":1,"featured_media":0,"parent":0,"menu_order":0,"comment_status":"closed","ping_status":"closed","template":"","meta":{"footnotes":""},"class_list":["post-134","page","type-page","status-publish","hentry"],"blocksy_meta":[],"_links":{"self":[{"href":"https:\/\/www.mediation44.fr\/index.php?rest_route=\/wp\/v2\/pages\/134","targetHints":{"allow":["GET"]}}],"collection":[{"href":"https:\/\/www.mediation44.fr\/index.php?rest_route=\/wp\/v2\/pages"}],"about":[{"href":"https:\/\/www.mediation44.fr\/index.php?rest_route=\/wp\/v2\/types\/page"}],"author":[{"embeddable":true,"href":"https:\/\/www.mediation44.fr\/index.php?rest_route=\/wp\/v2\/users\/1"}],"replies":[{"embeddable":true,"href":"https:\/\/www.mediation44.fr\/index.php?rest_route=%2Fwp%2Fv2%2Fcomments&post=134"}],"version-history":[{"count":3,"href":"https:\/\/www.mediation44.fr\/index.php?rest_route=\/wp\/v2\/pages\/134\/revisions"}],"predecessor-version":[{"id":166,"href":"https:\/\/www.mediation44.fr\/index.php?rest_route=\/wp\/v2\/pages\/134\/revisions\/166"}],"wp:attachment":[{"href":"https:\/\/www.mediation44.fr\/index.php?rest_route=%2Fwp%2Fv2%2Fmedia&parent=134"}],"curies":[{"name":"wp","href":"https:\/\/api.w.org\/{rel}","templated":true}]}}