{"id":136,"date":"2025-05-09T13:14:59","date_gmt":"2025-05-09T11:14:59","guid":{"rendered":"https:\/\/www.mediation44.fr\/?page_id=136"},"modified":"2025-05-09T13:35:20","modified_gmt":"2025-05-09T11:35:20","slug":"domaines-dintervention","status":"publish","type":"page","link":"https:\/\/www.mediation44.fr\/?page_id=136","title":{"rendered":"Domaines d&rsquo;intervention"},"content":{"rendered":"\n<h2 class=\"wp-block-heading has-text-align-center has-text-color has-link-color wp-elements-1c11d3a10af49b4cc5e6413846398d80\" style=\"color:#14594e\">Domaines d&rsquo;intervention<\/h2>\n\n\n\n<div class=\"wp-block-columns is-layout-flex wp-container-core-columns-is-layout-28f84493 wp-block-columns-is-layout-flex\">\n<div class=\"wp-block-column is-vertically-aligned-stretch is-content-justification-left is-layout-constrained wp-container-core-column-is-layout-12dd3699 wp-block-column-is-layout-constrained\">\n<figure class=\"wp-block-image alignleft size-full is-style-default\"><img loading=\"lazy\" decoding=\"async\" width=\"423\" height=\"282\" src=\"https:\/\/www.mediation44.fr\/wp-content\/uploads\/2025\/05\/b9d4f2_2bf351c8c5d64b2ebd7936c01d2a3345mv2.avif\" alt=\"\" class=\"wp-image-153\" srcset=\"https:\/\/www.mediation44.fr\/wp-content\/uploads\/2025\/05\/b9d4f2_2bf351c8c5d64b2ebd7936c01d2a3345mv2.avif 423w, https:\/\/www.mediation44.fr\/wp-content\/uploads\/2025\/05\/b9d4f2_2bf351c8c5d64b2ebd7936c01d2a3345mv2-300x200.avif 300w\" sizes=\"auto, (max-width: 423px) 100vw, 423px\" \/><\/figure>\n\n\n\n<p class=\"has-medium-font-size\">La m\u00e9diation est particuli\u00e8rement indiqu\u00e9e lorsque les personnes en conflit ont tout int\u00e9r\u00eat \u00e0 pr\u00e9server leur relation : parents s\u00e9par\u00e9s, coll\u00e8gues de travail, partenaires commerciaux\u2026<\/p>\n<\/div>\n<\/div>\n\n\n\n<h3 class=\"wp-block-heading has-text-color has-link-color wp-elements-2888c719e64befccfcec4454edcd4661\" style=\"color:#14594e\">Trouver un accord satisfaisant gr\u00e2ce \u00e0 la m\u00e9diation<\/h3>\n\n\n\n<p class=\"justify-text has-medium-font-size\"><strong>Faire appel \u00e0 un m\u00e9diateur<\/strong> \u2013 impartial, ind\u00e9pendant et garant de l\u2019\u00e9quit\u00e9 du temps de parole \u2013 permet dans un premier temps de r\u00e9tablir le dialogue. Par son<strong> <\/strong>empathie et sa capacit\u00e9 \u00e0 \u00e9couter, questionner, reformuler et clarifier, le m\u00e9diateur favorise l\u2019expression des \u00e9motions et des besoins non satisfaits qui sous-tendent tout conflit. Par la parole et l\u2019\u00e9coute de l\u2019autre dans un cadre neutre et s\u00e9curisant, les \u00e9changes s\u2019apaisent et deviennent constructifs jusqu\u2019\u00e0 ce que les parties trouvent, ensemble et par elles-m\u00eames, une solution satisfaisante pour l\u2019une comme pour l\u2019autre. L\u2019accord trouv\u00e9 peut \u00eatre homologu\u00e9 par le juge ou tenu confidentiel entre les parties.<\/p>\n\n\n\n<h3 class=\"wp-block-heading has-text-color has-link-color wp-elements-29881740ac3c2725e0bcf21f29da8fc7\" style=\"color:#14594e\">La m\u00e9diation pour r\u00e9soudre un conflit familial<\/h3>\n\n\n\n<p class=\"justify-text has-medium-font-size\">Garde des enfants, droit de visite des grands-parents, pension alimentaire, succession, prise en charge d\u2019un proche \u00e2g\u00e9\u2026 Les conflits familiaux rev\u00eatent bien des formes.<strong> La m\u00e9diation familiale<\/strong> offre \u00e0 chacun un espace d\u2019expression de ses besoins et d\u2019\u00e9coute de l\u2019autre.<\/p>\n\n\n\n<h3 class=\"wp-block-heading has-text-color has-link-color wp-elements-2ab10214cacd6cf27aa9ee431bbcc766\" style=\"color:#14594e\">La m\u00e9diation pour les conflits en entreprise<\/h3>\n\n\n\n<p class=\"justify-text has-medium-font-size\">M\u00e9sentente entre salari\u00e9s, conflits hi\u00e9rarchiques, dysfonctionnement d\u2019\u00e9quipe ou d\u2019organisation, relations interservices difficiles, litiges entre associ\u00e9s ou avec un fournisseur\u2026 Dans <strong>le monde de l\u2019entreprise <\/strong>aussi, la m\u00e9diation a toute sa place pour aider \u00e0 r\u00e9tablir l\u2019\u00e9quilibre quand celui-ci a \u00e9t\u00e9 rompu.<\/p>\n\n\n\n<h3 class=\"wp-block-heading has-text-color has-link-color wp-elements-fa8733c56e7be38c0e85da2d88518307\" style=\"color:#14594e\">La m\u00e9diation pour les conflits de la vie quotidienne<\/h3>\n\n\n\n<p class=\"justify-text has-medium-font-size\">Conflits de voisinage, diff\u00e9rend avec une administration, m\u00e9sentente au sein d\u2019une association, difficult\u00e9s relationnelles \u00e0 l\u2019\u00e9cole\u2026 La m\u00e9diation s\u2019applique \u00e0 tous les domaines de la vie pour <strong>remettre le dialogue et l\u2019\u00e9coute au c\u0153ur des relations humaines<\/strong>.<\/p>\n\n\n\n<h3 class=\"wp-block-heading has-text-color has-link-color wp-elements-7ce99e61edd819db04f70d5de0faaa15\" style=\"color:#14594e\">La m\u00e9diation &nbsp;dans l&rsquo;immobilier et le construction&nbsp;<\/h3>\n\n\n\n<p class=\"justify-text has-medium-font-size\">Conflits dans les copropri\u00e9t\u00e9s, conflit de voisinage, diff\u00e9rend avec un promoteur ou conflit propri\u00e9taire- locataire, <strong>la m\u00e9diation immobili\u00e8re<\/strong> permet de trouver une solution accept\u00e9e par tous dans un d\u00e9lais court et d&rsquo;\u00e9viter ainsi des ann\u00e9es de proc\u00e9dures.&nbsp;<\/p>\n","protected":false},"excerpt":{"rendered":"<p>Domaines d&rsquo;intervention La m\u00e9diation est particuli\u00e8rement indiqu\u00e9e lorsque les personnes en conflit ont tout int\u00e9r\u00eat \u00e0 pr\u00e9server leur relation : parents s\u00e9par\u00e9s, coll\u00e8gues de travail, partenaires commerciaux\u2026 Trouver un accord satisfaisant gr\u00e2ce \u00e0 la m\u00e9diation Faire appel \u00e0 un m\u00e9diateur \u2013 impartial, ind\u00e9pendant et garant de l\u2019\u00e9quit\u00e9 du temps de parole \u2013 permet dans un [&hellip;]<\/p>\n","protected":false},"author":1,"featured_media":0,"parent":0,"menu_order":0,"comment_status":"closed","ping_status":"closed","template":"","meta":{"footnotes":""},"class_list":["post-136","page","type-page","status-publish","hentry"],"blocksy_meta":[],"_links":{"self":[{"href":"https:\/\/www.mediation44.fr\/index.php?rest_route=\/wp\/v2\/pages\/136","targetHints":{"allow":["GET"]}}],"collection":[{"href":"https:\/\/www.mediation44.fr\/index.php?rest_route=\/wp\/v2\/pages"}],"about":[{"href":"https:\/\/www.mediation44.fr\/index.php?rest_route=\/wp\/v2\/types\/page"}],"author":[{"embeddable":true,"href":"https:\/\/www.mediation44.fr\/index.php?rest_route=\/wp\/v2\/users\/1"}],"replies":[{"embeddable":true,"href":"https:\/\/www.mediation44.fr\/index.php?rest_route=%2Fwp%2Fv2%2Fcomments&post=136"}],"version-history":[{"count":12,"href":"https:\/\/www.mediation44.fr\/index.php?rest_route=\/wp\/v2\/pages\/136\/revisions"}],"predecessor-version":[{"id":164,"href":"https:\/\/www.mediation44.fr\/index.php?rest_route=\/wp\/v2\/pages\/136\/revisions\/164"}],"wp:attachment":[{"href":"https:\/\/www.mediation44.fr\/index.php?rest_route=%2Fwp%2Fv2%2Fmedia&parent=136"}],"curies":[{"name":"wp","href":"https:\/\/api.w.org\/{rel}","templated":true}]}}