{"id":39,"date":"2025-05-09T10:27:05","date_gmt":"2025-05-09T08:27:05","guid":{"rendered":"https:\/\/www.mediation44.fr\/?page_id=39"},"modified":"2025-05-09T11:22:40","modified_gmt":"2025-05-09T09:22:40","slug":"mediation-44","status":"publish","type":"page","link":"https:\/\/www.mediation44.fr\/?page_id=39","title":{"rendered":"M\u00e9diation 44"},"content":{"rendered":"\n<h2 class=\"wp-block-heading alignwide has-text-align-center has-text-color has-link-color wp-elements-91604a53763fb84108a73cc9206c0930\" style=\"color:#14594e\">Particuliers et entreprises : <br>un collectif de m\u00e9diateurs \u00e0 votre \u00e9coute<\/h2>\n\n\n\n<div class=\"wp-block-columns is-layout-flex wp-container-core-columns-is-layout-28f84493 wp-block-columns-is-layout-flex\">\n<div class=\"wp-block-column is-layout-flow wp-block-column-is-layout-flow\" style=\"flex-basis:50%\">\n<p class=\"justify-text has-medium-font-size\">Bas\u00e9e \u00e0 Saint-Nazaire, en Loire Atlantique,<br>M\u00e9diation 44 regroupe des m\u00e9diateurs issus de divers horizons professionnels et justifiant tous d\u2019une formation dipl\u00f4mante.<\/p>\n\n\n\n<p class=\"justify-text has-medium-font-size\">Notre association intervient \u00e0 Saint-Nazaire et ses environs (Bri\u00e8re, Gu\u00e9rande, Pornichet, La Baule, Saint-Andr\u00e9-des-Eaux, Trignac, Montoir-de-Bretagne, Cordemais, Mesquer, Pontchateau etc.), aupr\u00e8s des particuliers et des entreprises.<\/p>\n\n\n\n<p><\/p>\n\n\n\n<h4 class=\"wp-block-heading has-text-align-center has-text-color has-link-color wp-elements-68aba9fc16b7a29dae04215739b05ae0\" style=\"color:#14594e\"><strong>M\u00e9diation judiciaire<\/strong><\/h4>\n\n\n\n<p class=\"has-text-align-center has-medium-font-size\">La d\u00e9marche amiable est ordonn\u00e9e par le juge et mise en \u0153uvre avec l&rsquo;accord des parties. <\/p>\n\n\n\n<h4 class=\"wp-block-heading has-text-align-center has-text-color has-link-color wp-elements-a70ba98beabfcbb1131159dbb365b7ca\" style=\"color:#14594e\"><strong>M\u00e9diation conventionnelle<\/strong><\/h4>\n\n\n\n<p class=\"has-medium-font-size\">La d\u00e9marche est initi\u00e9e par les parties elles-m\u00eames, qui sollicitent le m\u00e9diateur en direct.\u200b<\/p>\n<\/div>\n\n\n\n<div class=\"wp-block-column is-layout-flow wp-block-column-is-layout-flow\" style=\"flex-basis:50%\">\n<figure class=\"wp-block-image size-large\"><img loading=\"lazy\" decoding=\"async\" width=\"1024\" height=\"928\" src=\"https:\/\/www.mediation44.fr\/wp-content\/uploads\/2025\/05\/mediation44-1024x928.avif\" alt=\"\" class=\"wp-image-48\" srcset=\"https:\/\/www.mediation44.fr\/wp-content\/uploads\/2025\/05\/mediation44-1024x928.avif 1024w, https:\/\/www.mediation44.fr\/wp-content\/uploads\/2025\/05\/mediation44-300x272.avif 300w, https:\/\/www.mediation44.fr\/wp-content\/uploads\/2025\/05\/mediation44-768x696.avif 768w, https:\/\/www.mediation44.fr\/wp-content\/uploads\/2025\/05\/mediation44.avif 1192w\" sizes=\"auto, (max-width: 1024px) 100vw, 1024px\" \/><\/figure>\n<\/div>\n<\/div>\n\n\n\n<p><\/p>\n","protected":false},"excerpt":{"rendered":"<p>Particuliers et entreprises : un collectif de m\u00e9diateurs \u00e0 votre \u00e9coute Bas\u00e9e \u00e0 Saint-Nazaire, en Loire Atlantique,M\u00e9diation 44 regroupe des m\u00e9diateurs issus de divers horizons professionnels et justifiant tous d\u2019une formation dipl\u00f4mante. Notre association intervient \u00e0 Saint-Nazaire et ses environs (Bri\u00e8re, Gu\u00e9rande, Pornichet, La Baule, Saint-Andr\u00e9-des-Eaux, Trignac, Montoir-de-Bretagne, Cordemais, Mesquer, Pontchateau etc.), aupr\u00e8s des particuliers [&hellip;]<\/p>\n","protected":false},"author":1,"featured_media":0,"parent":0,"menu_order":0,"comment_status":"closed","ping_status":"closed","template":"","meta":{"footnotes":""},"class_list":["post-39","page","type-page","status-publish","hentry"],"blocksy_meta":[],"_links":{"self":[{"href":"https:\/\/www.mediation44.fr\/index.php?rest_route=\/wp\/v2\/pages\/39","targetHints":{"allow":["GET"]}}],"collection":[{"href":"https:\/\/www.mediation44.fr\/index.php?rest_route=\/wp\/v2\/pages"}],"about":[{"href":"https:\/\/www.mediation44.fr\/index.php?rest_route=\/wp\/v2\/types\/page"}],"author":[{"embeddable":true,"href":"https:\/\/www.mediation44.fr\/index.php?rest_route=\/wp\/v2\/users\/1"}],"replies":[{"embeddable":true,"href":"https:\/\/www.mediation44.fr\/index.php?rest_route=%2Fwp%2Fv2%2Fcomments&post=39"}],"version-history":[{"count":13,"href":"https:\/\/www.mediation44.fr\/index.php?rest_route=\/wp\/v2\/pages\/39\/revisions"}],"predecessor-version":[{"id":70,"href":"https:\/\/www.mediation44.fr\/index.php?rest_route=\/wp\/v2\/pages\/39\/revisions\/70"}],"wp:attachment":[{"href":"https:\/\/www.mediation44.fr\/index.php?rest_route=%2Fwp%2Fv2%2Fmedia&parent=39"}],"curies":[{"name":"wp","href":"https:\/\/api.w.org\/{rel}","templated":true}]}}