{"id":98,"date":"2025-05-09T11:53:34","date_gmt":"2025-05-09T09:53:34","guid":{"rendered":"https:\/\/www.mediation44.fr\/?page_id=98"},"modified":"2025-05-09T13:21:24","modified_gmt":"2025-05-09T11:21:24","slug":"lequipe-de-mediateurs","status":"publish","type":"page","link":"https:\/\/www.mediation44.fr\/?page_id=98","title":{"rendered":"L&rsquo;\u00e9quipe de m\u00e9diateurs"},"content":{"rendered":"\n<div class=\"wp-block-group is-layout-constrained wp-block-group-is-layout-constrained\">\n<h2 class=\"wp-block-heading has-text-color has-link-color wp-elements-e5e41245c8b4d338bd752827abbdce98\" style=\"color:#14594e\">Notre \u00e9quipe de m\u00e9diateurs dans la r\u00e9gion nazairienne<\/h2>\n\n\n\n<h5 class=\"wp-block-heading justify-text\">Depuis 2016, l\u2019association M\u00e9diation 44 intervient en Loire-Atlantique aupr\u00e8s des particuliers (conflits familiaux, conflits de voisinage, etc.) et des entreprises (m\u00e9sentente entre collaborateurs, conflits sociaux, etc.) sur un territoire couvrant Saint-Nazaire et son estuaire, la presqu&rsquo;ile de Gu\u00e9rande, la Bri\u00e8re, le Pays de Pontchateau Saint-Gildas des bois, le Pays de Retz.<\/h5>\n\n\n\n<h4 class=\"wp-block-heading\">Des professionnels dipl\u00f4m\u00e9s et exp\u00e9riment\u00e9s<\/h4>\n\n\n\n<p class=\"justify-text has-medium-font-size\">Issus de divers horizons professionnels, les m\u00e9diateurs de M\u00e9diation 44 justifient tous d\u2019une formation dipl\u00f4mante initiale et continue. Leur exp\u00e9rience et leur compl\u00e9mentarit\u00e9 sont un plus pour les personnes qu\u2019ils accompagnent, qu\u2019ils interviennent seuls ou en co-m\u00e9diation (bin\u00f4me de m\u00e9diateurs). \u200b<\/p>\n\n\n\n<h4 class=\"wp-block-heading\">M\u00e9diation 44 dans les m\u00e9dias<\/h4>\n\n\n\n<p><a href=\"https:\/\/www.ouest-france.fr\/pays-de-la-loire\/saint-nazaire-44600\/le-tribunal-prone-la-politique-de-lamiable-5f5521e6-19cf-11ef-9f93-21d487e07ff3\" target=\"_blank\" rel=\"noreferrer noopener\">Info Ouest-France -Mai 2024 : <strong>Le tribunal pr\u00f4ne \u00ab\u00a0la politique de l&rsquo;amiable\u00a0\u00bb<\/strong><\/a><\/p>\n\n\n\n<p><a href=\"https:\/\/www.saintnazairenews.fr\/news\/saint-nazaire-une-permanence-mediation-installee-au-ruban-bleu\" target=\"_blank\" rel=\"noreferrer noopener\">Infolocale Ouest France &#8211; octobre 2022 : <\/a><a href=\"https:\/\/infolocale.ouest-france.fr\/associations\/mediation-44-488544\/article-saint-nazaire-saint-nazaire-et-si-la-solution-etait-dans-la-mediation-45612?int_source=ouest-france&amp;int_medium=display&amp;int_campaign=teasers-publications\" target=\"_blank\" rel=\"noreferrer noopener\"><strong>Et si la solution \u00e9tait dans la m\u00e9diation ?<\/strong><\/a><\/p>\n\n\n\n<p><a href=\"https:\/\/saint-nazaire.maville.com\/actu\/actudet_-saint-nazaire.-une-association-pour-desamorcer-un-conflit-par-la-mediation-_loc-4872156_actu.Htm\" target=\"_blank\" rel=\"noreferrer noopener\">Parution Ouest France du 12 octobre 2021 :&nbsp;<strong>Une association pour d\u00e9samorcer un conflit par la m\u00e9diation<\/strong><\/a><\/p>\n\n\n\n<p><a href=\"https:\/\/www.saintnazairenews.fr\/news\/saint-nazaire-une-permanence-mediation-installee-au-ruban-bleu\" target=\"_blank\" rel=\"noreferrer noopener\">Saint-Nazaire News &#8211; octobre 2021 : <\/a><strong><a href=\"https:\/\/www.saintnazairenews.fr\/news\/saint-nazaire-une-permanence-mediation-installee-au-ruban-bleu\" target=\"_blank\" rel=\"noreferrer noopener\">Une permanence m\u00e9diation install\u00e9e au Ruban Bleu<\/a><\/strong><\/p>\n<\/div>\n\n\n\n<h2 class=\"wp-block-heading has-text-color has-link-color wp-elements-726e32eed58342a6debd4e2b2a4fd227\" style=\"color:#14594e\">Notre \u00e9quipe de m\u00e9diateurs<\/h2>\n\n\n\n<div class=\"wp-block-columns is-layout-flex wp-container-core-columns-is-layout-28f84493 wp-block-columns-is-layout-flex\">\n<div class=\"wp-block-column is-layout-flow wp-block-column-is-layout-flow\">\n<figure class=\"wp-block-image size-full is-resized\"><img loading=\"lazy\" decoding=\"async\" width=\"227\" height=\"300\" src=\"https:\/\/www.mediation44.fr\/wp-content\/uploads\/2025\/05\/ID-Marie-Cecile-Rousseau_JPG_jpg.avif\" alt=\"\" class=\"wp-image-114\" style=\"width:239px;height:auto\"\/><\/figure>\n<\/div>\n\n\n\n<div class=\"wp-block-column is-layout-flow wp-block-column-is-layout-flow\">\n<figure class=\"wp-block-image size-full\"><img loading=\"lazy\" decoding=\"async\" width=\"236\" height=\"312\" src=\"https:\/\/www.mediation44.fr\/wp-content\/uploads\/2025\/05\/PF-LE-ROUX_JPG_jpg.avif\" alt=\"\" class=\"wp-image-126\" srcset=\"https:\/\/www.mediation44.fr\/wp-content\/uploads\/2025\/05\/PF-LE-ROUX_JPG_jpg.avif 236w, https:\/\/www.mediation44.fr\/wp-content\/uploads\/2025\/05\/PF-LE-ROUX_JPG_jpg-227x300.avif 227w\" sizes=\"auto, (max-width: 236px) 100vw, 236px\" \/><\/figure>\n<\/div>\n\n\n\n<div class=\"wp-block-column is-layout-flow wp-block-column-is-layout-flow\">\n<figure class=\"wp-block-image size-full\"><img loading=\"lazy\" decoding=\"async\" width=\"236\" height=\"312\" src=\"https:\/\/www.mediation44.fr\/wp-content\/uploads\/2025\/05\/1-Web_jpg.avif\" alt=\"\" class=\"wp-image-125\" srcset=\"https:\/\/www.mediation44.fr\/wp-content\/uploads\/2025\/05\/1-Web_jpg.avif 236w, https:\/\/www.mediation44.fr\/wp-content\/uploads\/2025\/05\/1-Web_jpg-227x300.avif 227w\" sizes=\"auto, (max-width: 236px) 100vw, 236px\" \/><\/figure>\n<\/div>\n<\/div>\n\n\n\n<div class=\"wp-block-columns is-layout-flex wp-container-core-columns-is-layout-28f84493 wp-block-columns-is-layout-flex\">\n<div class=\"wp-block-column is-layout-flow wp-block-column-is-layout-flow\">\n<p>Marie-C\u00e9cile ROUSSEAU<br>06 82 12 56 81<br>mcrousseau.mediation@gmail.com<\/p>\n<\/div>\n\n\n\n<div class=\"wp-block-column is-layout-flow wp-block-column-is-layout-flow\">\n<p>Pierre-Fran\u00e7ois LEROUX<br>06 08 82 23 94     <br>leroux-expert@orange.fr<br><\/p>\n<\/div>\n\n\n\n<div class=\"wp-block-column is-layout-flow wp-block-column-is-layout-flow\">\n<p>Alain COLLIN<br>06 61 99 11 21 <br>contact@alternative-mediation.fr<br>Site WEB <a href=\"http:\/\/www.alternative-mediation.fr\/\">Alternative-M\u00e9diation<\/a><br><br><\/p>\n<\/div>\n<\/div>\n\n\n\n<div class=\"wp-block-columns is-layout-flex wp-container-core-columns-is-layout-28f84493 wp-block-columns-is-layout-flex\">\n<div class=\"wp-block-column is-layout-flow wp-block-column-is-layout-flow\">\n<figure class=\"wp-block-image size-full\"><img loading=\"lazy\" decoding=\"async\" width=\"236\" height=\"312\" src=\"https:\/\/www.mediation44.fr\/wp-content\/uploads\/2025\/05\/Photo-Sandra-Vandeuren_jpg.avif\" alt=\"\" class=\"wp-image-124\" srcset=\"https:\/\/www.mediation44.fr\/wp-content\/uploads\/2025\/05\/Photo-Sandra-Vandeuren_jpg.avif 236w, https:\/\/www.mediation44.fr\/wp-content\/uploads\/2025\/05\/Photo-Sandra-Vandeuren_jpg-227x300.avif 227w\" sizes=\"auto, (max-width: 236px) 100vw, 236px\" \/><\/figure>\n<\/div>\n\n\n\n<div class=\"wp-block-column is-layout-flow wp-block-column-is-layout-flow\">\n<figure class=\"wp-block-image size-full\"><img loading=\"lazy\" decoding=\"async\" width=\"236\" height=\"312\" src=\"https:\/\/www.mediation44.fr\/wp-content\/uploads\/2025\/05\/b9d4f2_85b69b899c8042608c2d09fccdb45551mv2.avif\" alt=\"\" class=\"wp-image-123\" srcset=\"https:\/\/www.mediation44.fr\/wp-content\/uploads\/2025\/05\/b9d4f2_85b69b899c8042608c2d09fccdb45551mv2.avif 236w, https:\/\/www.mediation44.fr\/wp-content\/uploads\/2025\/05\/b9d4f2_85b69b899c8042608c2d09fccdb45551mv2-227x300.avif 227w\" sizes=\"auto, (max-width: 236px) 100vw, 236px\" \/><\/figure>\n<\/div>\n\n\n\n<div class=\"wp-block-column is-layout-flow wp-block-column-is-layout-flow\">\n<figure class=\"wp-block-image size-full\"><img loading=\"lazy\" decoding=\"async\" width=\"236\" height=\"312\" src=\"https:\/\/www.mediation44.fr\/wp-content\/uploads\/2025\/05\/Photos-Jmd-2025_JPG.avif\" alt=\"\" class=\"wp-image-122\" srcset=\"https:\/\/www.mediation44.fr\/wp-content\/uploads\/2025\/05\/Photos-Jmd-2025_JPG.avif 236w, https:\/\/www.mediation44.fr\/wp-content\/uploads\/2025\/05\/Photos-Jmd-2025_JPG-227x300.avif 227w\" sizes=\"auto, (max-width: 236px) 100vw, 236px\" \/><\/figure>\n<\/div>\n<\/div>\n\n\n\n<div class=\"wp-block-columns is-layout-flex wp-container-core-columns-is-layout-28f84493 wp-block-columns-is-layout-flex\">\n<div class=\"wp-block-column is-layout-flow wp-block-column-is-layout-flow\">\n<p>Sandra VANDEUREN<br>06 99 65 24 22<br>sandravandeuren@gmail.com<\/p>\n<\/div>\n\n\n\n<div class=\"wp-block-column is-layout-flow wp-block-column-is-layout-flow\">\n<p>L\u00e9na LOUBOUTIN<br>06 61 53 32 31<br>lena.louboutin@orange.fr<\/p>\n<\/div>\n\n\n\n<div class=\"wp-block-column is-layout-flow wp-block-column-is-layout-flow\">\n<p>Jean Marie DIRIDOLLOU<br>06 07 64 02 22<br>jm.diridollou@gmail..com<\/p>\n<\/div>\n<\/div>\n\n\n\n<div class=\"wp-block-columns is-layout-flex wp-container-core-columns-is-layout-28f84493 wp-block-columns-is-layout-flex\">\n<div class=\"wp-block-column is-layout-flow wp-block-column-is-layout-flow\">\n<figure class=\"wp-block-image size-full\"><img loading=\"lazy\" decoding=\"async\" width=\"227\" height=\"316\" src=\"https:\/\/www.mediation44.fr\/wp-content\/uploads\/2025\/05\/IMG-20240521-WA0006.avif\" alt=\"\" class=\"wp-image-121\" srcset=\"https:\/\/www.mediation44.fr\/wp-content\/uploads\/2025\/05\/IMG-20240521-WA0006.avif 227w, https:\/\/www.mediation44.fr\/wp-content\/uploads\/2025\/05\/IMG-20240521-WA0006-216x300.avif 216w\" sizes=\"auto, (max-width: 227px) 100vw, 227px\" \/><\/figure>\n<\/div>\n\n\n\n<div class=\"wp-block-column is-layout-flow wp-block-column-is-layout-flow\">\n<figure class=\"wp-block-image size-full\"><img loading=\"lazy\" decoding=\"async\" width=\"227\" height=\"316\" src=\"https:\/\/www.mediation44.fr\/wp-content\/uploads\/2025\/05\/b9d4f2_e99651b0663342f983bef75fbed8081fmv2.avif\" alt=\"\" class=\"wp-image-120\" srcset=\"https:\/\/www.mediation44.fr\/wp-content\/uploads\/2025\/05\/b9d4f2_e99651b0663342f983bef75fbed8081fmv2.avif 227w, https:\/\/www.mediation44.fr\/wp-content\/uploads\/2025\/05\/b9d4f2_e99651b0663342f983bef75fbed8081fmv2-216x300.avif 216w\" sizes=\"auto, (max-width: 227px) 100vw, 227px\" \/><\/figure>\n<\/div>\n\n\n\n<div class=\"wp-block-column is-layout-flow wp-block-column-is-layout-flow\">\n<figure class=\"wp-block-image size-full\"><img loading=\"lazy\" decoding=\"async\" width=\"227\" height=\"316\" src=\"https:\/\/www.mediation44.fr\/wp-content\/uploads\/2025\/05\/IMG-20240521-WA0004.avif\" alt=\"\" class=\"wp-image-119\" srcset=\"https:\/\/www.mediation44.fr\/wp-content\/uploads\/2025\/05\/IMG-20240521-WA0004.avif 227w, https:\/\/www.mediation44.fr\/wp-content\/uploads\/2025\/05\/IMG-20240521-WA0004-216x300.avif 216w\" sizes=\"auto, (max-width: 227px) 100vw, 227px\" \/><\/figure>\n<\/div>\n<\/div>\n\n\n\n<div class=\"wp-block-columns is-layout-flex wp-container-core-columns-is-layout-28f84493 wp-block-columns-is-layout-flex\">\n<div class=\"wp-block-column is-layout-flow wp-block-column-is-layout-flow\">\n<p>Fabienne MILLION<br>06 76 12 73 85<br>contact@fabienne-millon.com<\/p>\n<\/div>\n\n\n\n<div class=\"wp-block-column is-layout-flow wp-block-column-is-layout-flow\">\n<p>Jean-Luc LERONDEL-HOUZARD<br>06 29 58 10 40 <br>jllh@outlook.fr<\/p>\n<\/div>\n\n\n\n<div class=\"wp-block-column is-layout-flow wp-block-column-is-layout-flow\">\n<p>Sandrine GROS<br>06 84 63 72 54<br>sandrinelugros@gmail.com<\/p>\n<\/div>\n<\/div>\n\n\n\n<div class=\"wp-block-columns is-layout-flex wp-container-core-columns-is-layout-28f84493 wp-block-columns-is-layout-flex\">\n<div class=\"wp-block-column is-layout-flow wp-block-column-is-layout-flow\">\n<figure class=\"wp-block-image size-full\"><img loading=\"lazy\" decoding=\"async\" width=\"227\" height=\"294\" src=\"https:\/\/www.mediation44.fr\/wp-content\/uploads\/2025\/05\/IMG-20240521-WA00051.avif\" alt=\"\" class=\"wp-image-118\"\/><\/figure>\n<\/div>\n\n\n\n<div class=\"wp-block-column is-layout-flow wp-block-column-is-layout-flow\">\n<figure class=\"wp-block-image size-full\"><img loading=\"lazy\" decoding=\"async\" width=\"227\" height=\"288\" src=\"https:\/\/www.mediation44.fr\/wp-content\/uploads\/2025\/05\/IMG-20240605-WA0000.avif\" alt=\"\" class=\"wp-image-117\"\/><\/figure>\n<\/div>\n\n\n\n<div class=\"wp-block-column is-layout-flow wp-block-column-is-layout-flow\">\n<figure class=\"wp-block-image size-full\"><img loading=\"lazy\" decoding=\"async\" width=\"220\" height=\"294\" src=\"https:\/\/www.mediation44.fr\/wp-content\/uploads\/2025\/05\/b9d4f2_deefb674045e4fc5ac96b1f499feee93mv2.avif\" alt=\"\" class=\"wp-image-116\"\/><\/figure>\n<\/div>\n<\/div>\n\n\n\n<div class=\"wp-block-columns is-layout-flex wp-container-core-columns-is-layout-28f84493 wp-block-columns-is-layout-flex\">\n<div class=\"wp-block-column is-layout-flow wp-block-column-is-layout-flow\">\n<p>Fabienne PALVADEAU<br>06 19 50 15 63<br>palvadeau.avocat@gmail.com<\/p>\n<\/div>\n\n\n\n<div class=\"wp-block-column is-layout-flow wp-block-column-is-layout-flow\">\n<p>Pascal GELIN<br>06 47 73 32 39<br>pascal.gelin@cabinet-icf.com<\/p>\n<\/div>\n\n\n\n<div class=\"wp-block-column is-layout-flow wp-block-column-is-layout-flow\">\n<p>Adeline MOUCHEL<br>06 32 03 12 68<br>avocat.mouchel@gmail.com<\/p>\n<\/div>\n<\/div>\n\n\n\n<p><\/p>\n","protected":false},"excerpt":{"rendered":"<p>Notre \u00e9quipe de m\u00e9diateurs dans la r\u00e9gion nazairienne Depuis 2016, l\u2019association M\u00e9diation 44 intervient en Loire-Atlantique aupr\u00e8s des particuliers (conflits familiaux, conflits de voisinage, etc.) et des entreprises (m\u00e9sentente entre collaborateurs, conflits sociaux, etc.) sur un territoire couvrant Saint-Nazaire et son estuaire, la presqu&rsquo;ile de Gu\u00e9rande, la Bri\u00e8re, le Pays de Pontchateau Saint-Gildas des bois, [&hellip;]<\/p>\n","protected":false},"author":1,"featured_media":0,"parent":0,"menu_order":0,"comment_status":"closed","ping_status":"closed","template":"","meta":{"footnotes":""},"class_list":["post-98","page","type-page","status-publish","hentry"],"blocksy_meta":[],"_links":{"self":[{"href":"https:\/\/www.mediation44.fr\/index.php?rest_route=\/wp\/v2\/pages\/98","targetHints":{"allow":["GET"]}}],"collection":[{"href":"https:\/\/www.mediation44.fr\/index.php?rest_route=\/wp\/v2\/pages"}],"about":[{"href":"https:\/\/www.mediation44.fr\/index.php?rest_route=\/wp\/v2\/types\/page"}],"author":[{"embeddable":true,"href":"https:\/\/www.mediation44.fr\/index.php?rest_route=\/wp\/v2\/users\/1"}],"replies":[{"embeddable":true,"href":"https:\/\/www.mediation44.fr\/index.php?rest_route=%2Fwp%2Fv2%2Fcomments&post=98"}],"version-history":[{"count":14,"href":"https:\/\/www.mediation44.fr\/index.php?rest_route=\/wp\/v2\/pages\/98\/revisions"}],"predecessor-version":[{"id":283,"href":"https:\/\/www.mediation44.fr\/index.php?rest_route=\/wp\/v2\/pages\/98\/revisions\/283"}],"wp:attachment":[{"href":"https:\/\/www.mediation44.fr\/index.php?rest_route=%2Fwp%2Fv2%2Fmedia&parent=98"}],"curies":[{"name":"wp","href":"https:\/\/api.w.org\/{rel}","templated":true}]}}